{"id":5115,"date":"2023-02-06T02:47:30","date_gmt":"2023-02-06T02:47:30","guid":{"rendered":"https:\/\/aaa-technology.com\/imprint\/"},"modified":"2023-06-12T16:51:27","modified_gmt":"2023-06-12T16:51:27","slug":"imprint","status":"publish","type":"page","link":"https:\/\/aaa-technology.com\/en\/imprint\/","title":{"rendered":"Imprint"},"content":{"rendered":"\t\t<div data-elementor-type=\"wp-page\" data-elementor-id=\"5115\" class=\"elementor elementor-5115 elementor-3\" data-elementor-post-type=\"page\">\n\t\t\t\t\t\t<section class=\"elementor-section elementor-top-section elementor-element elementor-element-544e51d elementor-section-boxed elementor-section-height-default elementor-section-height-default rt-parallax-bg-no\" data-id=\"544e51d\" data-element_type=\"section\" data-e-type=\"section\">\n\t\t\t\t\t\t<div class=\"elementor-container elementor-column-gap-default\">\n\t\t\t\t\t<div class=\"elementor-column elementor-col-100 elementor-top-column elementor-element elementor-element-69ba069\" data-id=\"69ba069\" data-element_type=\"column\" data-e-type=\"column\">\n\t\t\t<div class=\"elementor-widget-wrap elementor-element-populated\">\n\t\t\t\t\t\t<div class=\"elementor-element elementor-element-adfb60b elementor-widget elementor-widget-erecht24\" data-id=\"adfb60b\" data-element_type=\"widget\" data-e-type=\"widget\" data-widget_type=\"erecht24.default\">\n\t\t\t\t<div class=\"elementor-widget-container\">\n\t\t\t\t\t<div class=\"erecht24-elementor-widget\"><div style=\"word-wrap: break-word;\">\n\n<p>AAA Technologie GmbH<br \/>\nKruppstr. 94<br \/>\nGeb&auml;ude H6<br \/>\n45145 Essen<\/p>\n\n<p>Commercial Register: 9273 B<br \/>\nRegistration court: Amtsgericht Essen<\/p>\n\n<p><strong>Represented by:<\/strong><br \/>\nGesch&auml;ftsf&uuml;hrer \/ Managing Director<br \/>\r\nDr. Tomasz P. Bednarczyk<\/p>\n\n<h2>Contact<\/h2>\n<p>Phone: +49 (201) 28028-0<br \/>\nTelefax: +49 (201) 28028-88<br \/>\nE-mail: office@aaa-technology.com<\/p>\n\n<h2>VAT ID<\/h2>\n<p>Sales tax identification number according to Sect. 27 a of the Sales Tax Law:<br \/>\nDE 119672448<\/p>\n\n<h2>EU dispute resolution<\/h2>\n<p>The European Commission provides a platform for online dispute resolution (ODR): <a href=\"https:\/\/ec.europa.eu\/consumers\/odr\/\" target=\"_blank\" rel=\"noopener noreferrer\">https:\/\/ec.europa.eu\/consumers\/odr\/<\/a>.<br \/> Our e-mail address can be found above in the site notice.<\/p>\n\n<h2>Dispute resolution proceedings in front of a consumer arbitration board<\/h2>\n<p>We are not willing or obliged to participate in dispute resolution proceedings in front of a consumer arbitration board.<\/p><\/div><\/div>\t\t\t\t<\/div>\n\t\t\t\t<\/div>\n\t\t\t\t\t<\/div>\n\t\t<\/div>\n\t\t\t\t\t<\/div>\n\t\t<\/section>\n\t\t\t\t<\/div>\n\t\t","protected":false},"excerpt":{"rendered":"<p>Information pursuant to Sect. 5 German Telemedia Act (TMG) AAA Technologie GmbH Kruppstr. 94 Geb\u00e4ude H6 45145 Essen Commercial Register: 9273 B Registration court: Amtsgericht Essen Represented by: Gesch\u00e4ftsf\u00fchrer \/ Managing Director Dr. Wilfried Herrmann Contact Phone: +49 (201) 28028-0 Telefax: +49 (201) 28028-88 E-mail: info@aaa-technology.com VAT ID Sales tax identification number according to Sect. [&hellip;]<\/p>\n","protected":false},"author":2,"featured_media":0,"parent":0,"menu_order":0,"comment_status":"closed","ping_status":"closed","template":"elementor_header_footer","meta":{"footnotes":""},"class_list":["post-5115","page","type-page","status-publish","hentry"],"yoast_head":"<!-- This site is optimized with the Yoast SEO plugin v27.5 - https:\/\/yoast.com\/product\/yoast-seo-wordpress\/ -->\n<title>Imprint - AAA-Technologie GmbH<\/title>\n<meta name=\"robots\" content=\"index, follow, max-snippet:-1, max-image-preview:large, max-video-preview:-1\" \/>\n<link rel=\"canonical\" href=\"https:\/\/aaa-technology.com\/en\/imprint\/\" \/>\n<meta property=\"og:locale\" content=\"en_US\" \/>\n<meta property=\"og:type\" content=\"article\" \/>\n<meta property=\"og:title\" content=\"Imprint - AAA-Technologie GmbH\" \/>\n<meta property=\"og:description\" content=\"Information pursuant to Sect. 5 German Telemedia Act (TMG) AAA Technologie GmbH Kruppstr. 94 Geb\u00e4ude H6 45145 Essen Commercial Register: 9273 B Registration court: Amtsgericht Essen Represented by: Gesch\u00e4ftsf\u00fchrer \/ Managing Director Dr. Wilfried Herrmann Contact Phone: +49 (201) 28028-0 Telefax: +49 (201) 28028-88 E-mail: info@aaa-technology.com VAT ID Sales tax identification number according to Sect. [&hellip;]\" \/>\n<meta property=\"og:url\" content=\"https:\/\/aaa-technology.com\/en\/imprint\/\" \/>\n<meta property=\"og:site_name\" content=\"AAA-Technologie GmbH\" \/>\n<meta property=\"article:modified_time\" content=\"2023-06-12T16:51:27+00:00\" \/>\n<meta name=\"twitter:card\" content=\"summary_large_image\" \/>\n<meta name=\"twitter:label1\" content=\"Est. reading time\" \/>\n\t<meta name=\"twitter:data1\" content=\"1 minute\" \/>\n<script type=\"application\/ld+json\" class=\"yoast-schema-graph\">{\"@context\":\"https:\\\/\\\/schema.org\",\"@graph\":[{\"@type\":\"WebPage\",\"@id\":\"https:\\\/\\\/aaa-technology.com\\\/en\\\/imprint\\\/\",\"url\":\"https:\\\/\\\/aaa-technology.com\\\/en\\\/imprint\\\/\",\"name\":\"Imprint - AAA-Technologie GmbH\",\"isPartOf\":{\"@id\":\"https:\\\/\\\/aaa-technology.com\\\/en\\\/#website\"},\"datePublished\":\"2023-02-06T02:47:30+00:00\",\"dateModified\":\"2023-06-12T16:51:27+00:00\",\"breadcrumb\":{\"@id\":\"https:\\\/\\\/aaa-technology.com\\\/en\\\/imprint\\\/#breadcrumb\"},\"inLanguage\":\"en-US\",\"potentialAction\":[{\"@type\":\"ReadAction\",\"target\":[\"https:\\\/\\\/aaa-technology.com\\\/en\\\/imprint\\\/\"]}]},{\"@type\":\"BreadcrumbList\",\"@id\":\"https:\\\/\\\/aaa-technology.com\\\/en\\\/imprint\\\/#breadcrumb\",\"itemListElement\":[{\"@type\":\"ListItem\",\"position\":1,\"name\":\"Startseite\",\"item\":\"https:\\\/\\\/aaa-technology.com\\\/en\\\/\"},{\"@type\":\"ListItem\",\"position\":2,\"name\":\"Imprint\"}]},{\"@type\":\"WebSite\",\"@id\":\"https:\\\/\\\/aaa-technology.com\\\/en\\\/#website\",\"url\":\"https:\\\/\\\/aaa-technology.com\\\/en\\\/\",\"name\":\"AAA-Technologie GmbH\",\"description\":\"Ihr Spezialist f&uuml;r Prozessanalysentechnik\",\"publisher\":{\"@id\":\"https:\\\/\\\/aaa-technology.com\\\/en\\\/#organization\"},\"potentialAction\":[{\"@type\":\"SearchAction\",\"target\":{\"@type\":\"EntryPoint\",\"urlTemplate\":\"https:\\\/\\\/aaa-technology.com\\\/en\\\/?s={search_term_string}\"},\"query-input\":{\"@type\":\"PropertyValueSpecification\",\"valueRequired\":true,\"valueName\":\"search_term_string\"}}],\"inLanguage\":\"en-US\"},{\"@type\":\"Organization\",\"@id\":\"https:\\\/\\\/aaa-technology.com\\\/en\\\/#organization\",\"name\":\"AAA-Technologie GmbH\",\"url\":\"https:\\\/\\\/aaa-technology.com\\\/en\\\/\",\"logo\":{\"@type\":\"ImageObject\",\"inLanguage\":\"en-US\",\"@id\":\"https:\\\/\\\/aaa-technology.com\\\/en\\\/#\\\/schema\\\/logo\\\/image\\\/\",\"url\":\"https:\\\/\\\/aaa-technology.com\\\/wp-content\\\/uploads\\\/2025\\\/06\\\/AAA-Technologie-GAS_logo.svg\",\"contentUrl\":\"https:\\\/\\\/aaa-technology.com\\\/wp-content\\\/uploads\\\/2025\\\/06\\\/AAA-Technologie-GAS_logo.svg\",\"width\":1365,\"height\":520,\"caption\":\"AAA-Technologie GmbH\"},\"image\":{\"@id\":\"https:\\\/\\\/aaa-technology.com\\\/en\\\/#\\\/schema\\\/logo\\\/image\\\/\"}}]}<\/script>\n<!-- \/ Yoast SEO plugin. -->","yoast_head_json":{"title":"Imprint - AAA-Technologie GmbH","robots":{"index":"index","follow":"follow","max-snippet":"max-snippet:-1","max-image-preview":"max-image-preview:large","max-video-preview":"max-video-preview:-1"},"canonical":"https:\/\/aaa-technology.com\/en\/imprint\/","og_locale":"en_US","og_type":"article","og_title":"Imprint - AAA-Technologie GmbH","og_description":"Information pursuant to Sect. 5 German Telemedia Act (TMG) AAA Technologie GmbH Kruppstr. 94 Geb\u00e4ude H6 45145 Essen Commercial Register: 9273 B Registration court: Amtsgericht Essen Represented by: Gesch\u00e4ftsf\u00fchrer \/ Managing Director Dr. Wilfried Herrmann Contact Phone: +49 (201) 28028-0 Telefax: +49 (201) 28028-88 E-mail: info@aaa-technology.com VAT ID Sales tax identification number according to Sect. [&hellip;]","og_url":"https:\/\/aaa-technology.com\/en\/imprint\/","og_site_name":"AAA-Technologie GmbH","article_modified_time":"2023-06-12T16:51:27+00:00","twitter_card":"summary_large_image","twitter_misc":{"Est. reading time":"1 minute"},"schema":{"@context":"https:\/\/schema.org","@graph":[{"@type":"WebPage","@id":"https:\/\/aaa-technology.com\/en\/imprint\/","url":"https:\/\/aaa-technology.com\/en\/imprint\/","name":"Imprint - AAA-Technologie GmbH","isPartOf":{"@id":"https:\/\/aaa-technology.com\/en\/#website"},"datePublished":"2023-02-06T02:47:30+00:00","dateModified":"2023-06-12T16:51:27+00:00","breadcrumb":{"@id":"https:\/\/aaa-technology.com\/en\/imprint\/#breadcrumb"},"inLanguage":"en-US","potentialAction":[{"@type":"ReadAction","target":["https:\/\/aaa-technology.com\/en\/imprint\/"]}]},{"@type":"BreadcrumbList","@id":"https:\/\/aaa-technology.com\/en\/imprint\/#breadcrumb","itemListElement":[{"@type":"ListItem","position":1,"name":"Startseite","item":"https:\/\/aaa-technology.com\/en\/"},{"@type":"ListItem","position":2,"name":"Imprint"}]},{"@type":"WebSite","@id":"https:\/\/aaa-technology.com\/en\/#website","url":"https:\/\/aaa-technology.com\/en\/","name":"AAA-Technologie GmbH","description":"Ihr Spezialist f&uuml;r Prozessanalysentechnik","publisher":{"@id":"https:\/\/aaa-technology.com\/en\/#organization"},"potentialAction":[{"@type":"SearchAction","target":{"@type":"EntryPoint","urlTemplate":"https:\/\/aaa-technology.com\/en\/?s={search_term_string}"},"query-input":{"@type":"PropertyValueSpecification","valueRequired":true,"valueName":"search_term_string"}}],"inLanguage":"en-US"},{"@type":"Organization","@id":"https:\/\/aaa-technology.com\/en\/#organization","name":"AAA-Technologie GmbH","url":"https:\/\/aaa-technology.com\/en\/","logo":{"@type":"ImageObject","inLanguage":"en-US","@id":"https:\/\/aaa-technology.com\/en\/#\/schema\/logo\/image\/","url":"https:\/\/aaa-technology.com\/wp-content\/uploads\/2025\/06\/AAA-Technologie-GAS_logo.svg","contentUrl":"https:\/\/aaa-technology.com\/wp-content\/uploads\/2025\/06\/AAA-Technologie-GAS_logo.svg","width":1365,"height":520,"caption":"AAA-Technologie GmbH"},"image":{"@id":"https:\/\/aaa-technology.com\/en\/#\/schema\/logo\/image\/"}}]}},"_links":{"self":[{"href":"https:\/\/aaa-technology.com\/en\/wp-json\/wp\/v2\/pages\/5115","targetHints":{"allow":["GET"]}}],"collection":[{"href":"https:\/\/aaa-technology.com\/en\/wp-json\/wp\/v2\/pages"}],"about":[{"href":"https:\/\/aaa-technology.com\/en\/wp-json\/wp\/v2\/types\/page"}],"author":[{"embeddable":true,"href":"https:\/\/aaa-technology.com\/en\/wp-json\/wp\/v2\/users\/2"}],"replies":[{"embeddable":true,"href":"https:\/\/aaa-technology.com\/en\/wp-json\/wp\/v2\/comments?post=5115"}],"version-history":[{"count":5,"href":"https:\/\/aaa-technology.com\/en\/wp-json\/wp\/v2\/pages\/5115\/revisions"}],"predecessor-version":[{"id":5120,"href":"https:\/\/aaa-technology.com\/en\/wp-json\/wp\/v2\/pages\/5115\/revisions\/5120"}],"wp:attachment":[{"href":"https:\/\/aaa-technology.com\/en\/wp-json\/wp\/v2\/media?parent=5115"}],"curies":[{"name":"wp","href":"https:\/\/api.w.org\/{rel}","templated":true}]}}